{"id":17553,"date":"2025-03-04T08:28:02","date_gmt":"2025-03-04T08:28:02","guid":{"rendered":"https:\/\/julesjunior.sn\/?page_id=17553"},"modified":"2025-03-04T09:27:07","modified_gmt":"2025-03-04T09:27:07","slug":"error","status":"publish","type":"page","link":"https:\/\/julesjunior.sn\/en\/error\/","title":{"rendered":"Erreur"},"content":{"rendered":"<div data-elementor-type=\"wp-page\" data-elementor-id=\"17553\" class=\"elementor elementor-17553\">\n\t\t\t\t<div class=\"elementor-element elementor-element-b96b3fc e-flex e-con-boxed lakit-col-width-auto-no e-container e-root-container elementor-top-section e-con e-parent\" data-id=\"b96b3fc\" data-element_type=\"container\">\n\t\t\t\t\t<div class=\"e-con-inner\">\n\t\t\t\t<div class=\"elementor-element elementor-element-edef52d elementor-widget elementor-widget-heading\" data-id=\"edef52d\" data-element_type=\"widget\" data-widget_type=\"heading.default\">\n\t\t\t\t<div class=\"elementor-widget-container\">\n\t\t\t\t\t<h1 class=\"elementor-heading-title elementor-size-default\">Erreur<\/h1>\t\t\t\t<\/div>\n\t\t\t\t<\/div>\n\t\t\t\t\t<\/div>\n\t\t\t\t<\/div>\n\t\t<div class=\"elementor-element elementor-element-cfa15fa e-flex e-con-boxed lakit-col-width-auto-no e-container e-root-container elementor-top-section e-con e-parent\" data-id=\"cfa15fa\" data-element_type=\"container\">\n\t\t\t\t\t<div class=\"e-con-inner\">\n\t\t\t\t<div class=\"elementor-element elementor-element-d505c52 elementor-widget elementor-widget-text-editor\" data-id=\"d505c52\" data-element_type=\"widget\" data-widget_type=\"text-editor.default\">\n\t\t\t\t<div class=\"elementor-widget-container\">\n\t\t\t\t\t\t\t\t\t<p>Une erreur est survenue lors du traitement de votre paiement. Veuillez r\u00e9essayer plus tard. <br \/>Nous nous excusons pour la g\u00eane occasionn\u00e9e.<\/p>\t\t\t\t\t\t\t\t<\/div>\n\t\t\t\t<\/div>\n\t\t\t\t\t<\/div>\n\t\t\t\t<\/div>\n\t\t\t\t<\/div>","protected":false},"excerpt":{"rendered":"<p>Une erreur est survenue lors du traitement de votre paiement. Veuillez r\u00e9essayer plus tard. Nous nous excusons pour la g\u00eane occasionn\u00e9e.<\/p>","protected":false},"author":2,"featured_media":0,"parent":0,"menu_order":0,"comment_status":"closed","ping_status":"closed","template":"","meta":{"footnotes":""},"class_list":["post-17553","page","type-page","status-publish","hentry"],"yoast_head":"<!-- This site is optimized with the Yoast SEO plugin v24.6 - https:\/\/yoast.com\/wordpress\/plugins\/seo\/ -->\n<title>Erreur - Jules Junior<\/title>\n<meta name=\"robots\" content=\"index, follow, max-snippet:-1, max-image-preview:large, max-video-preview:-1\" \/>\n<link rel=\"canonical\" href=\"https:\/\/julesjunior.sn\/en\/error\/\" \/>\n<meta property=\"og:locale\" content=\"en_US\" \/>\n<meta property=\"og:type\" content=\"article\" \/>\n<meta property=\"og:title\" content=\"Erreur - Jules Junior\" \/>\n<meta property=\"og:description\" content=\"Une erreur est survenue lors du traitement de votre paiement. Veuillez r\u00e9essayer plus tard. Nous nous excusons pour la g\u00eane occasionn\u00e9e.\" \/>\n<meta property=\"og:url\" content=\"https:\/\/julesjunior.sn\/en\/error\/\" \/>\n<meta property=\"og:site_name\" content=\"Jules Junior\" \/>\n<meta property=\"article:modified_time\" content=\"2025-03-04T09:27:07+00:00\" \/>\n<meta name=\"twitter:card\" content=\"summary_large_image\" \/>\n<meta name=\"twitter:label1\" content=\"Est. reading time\" \/>\n\t<meta name=\"twitter:data1\" content=\"1 minute\" \/>\n<script type=\"application\/ld+json\" class=\"yoast-schema-graph\">{\"@context\":\"https:\/\/schema.org\",\"@graph\":[{\"@type\":\"WebPage\",\"@id\":\"https:\/\/julesjunior.sn\/error\/\",\"url\":\"https:\/\/julesjunior.sn\/error\/\",\"name\":\"Erreur - Jules Junior\",\"isPartOf\":{\"@id\":\"https:\/\/julesjunior.sn\/#website\"},\"datePublished\":\"2025-03-04T08:28:02+00:00\",\"dateModified\":\"2025-03-04T09:27:07+00:00\",\"breadcrumb\":{\"@id\":\"https:\/\/julesjunior.sn\/error\/#breadcrumb\"},\"inLanguage\":\"en-US\",\"potentialAction\":[{\"@type\":\"ReadAction\",\"target\":[\"https:\/\/julesjunior.sn\/error\/\"]}]},{\"@type\":\"BreadcrumbList\",\"@id\":\"https:\/\/julesjunior.sn\/error\/#breadcrumb\",\"itemListElement\":[{\"@type\":\"ListItem\",\"position\":1,\"name\":\"Accueil\",\"item\":\"https:\/\/julesjunior.sn\/\"},{\"@type\":\"ListItem\",\"position\":2,\"name\":\"Erreur\"}]},{\"@type\":\"WebSite\",\"@id\":\"https:\/\/julesjunior.sn\/#website\",\"url\":\"https:\/\/julesjunior.sn\/\",\"name\":\"Jules Junior\",\"description\":\"\",\"potentialAction\":[{\"@type\":\"SearchAction\",\"target\":{\"@type\":\"EntryPoint\",\"urlTemplate\":\"https:\/\/julesjunior.sn\/?s={search_term_string}\"},\"query-input\":{\"@type\":\"PropertyValueSpecification\",\"valueRequired\":true,\"valueName\":\"search_term_string\"}}],\"inLanguage\":\"en-US\"}]}<\/script>\n<!-- \/ Yoast SEO plugin. -->","yoast_head_json":{"title":"Erreur - Jules Junior","robots":{"index":"index","follow":"follow","max-snippet":"max-snippet:-1","max-image-preview":"max-image-preview:large","max-video-preview":"max-video-preview:-1"},"canonical":"https:\/\/julesjunior.sn\/en\/error\/","og_locale":"en_US","og_type":"article","og_title":"Erreur - Jules Junior","og_description":"Une erreur est survenue lors du traitement de votre paiement. Veuillez r\u00e9essayer plus tard. Nous nous excusons pour la g\u00eane occasionn\u00e9e.","og_url":"https:\/\/julesjunior.sn\/en\/error\/","og_site_name":"Jules Junior","article_modified_time":"2025-03-04T09:27:07+00:00","twitter_card":"summary_large_image","twitter_misc":{"Est. reading time":"1 minute"},"schema":{"@context":"https:\/\/schema.org","@graph":[{"@type":"WebPage","@id":"https:\/\/julesjunior.sn\/error\/","url":"https:\/\/julesjunior.sn\/error\/","name":"Erreur - Jules Junior","isPartOf":{"@id":"https:\/\/julesjunior.sn\/#website"},"datePublished":"2025-03-04T08:28:02+00:00","dateModified":"2025-03-04T09:27:07+00:00","breadcrumb":{"@id":"https:\/\/julesjunior.sn\/error\/#breadcrumb"},"inLanguage":"en-US","potentialAction":[{"@type":"ReadAction","target":["https:\/\/julesjunior.sn\/error\/"]}]},{"@type":"BreadcrumbList","@id":"https:\/\/julesjunior.sn\/error\/#breadcrumb","itemListElement":[{"@type":"ListItem","position":1,"name":"Accueil","item":"https:\/\/julesjunior.sn\/"},{"@type":"ListItem","position":2,"name":"Erreur"}]},{"@type":"WebSite","@id":"https:\/\/julesjunior.sn\/#website","url":"https:\/\/julesjunior.sn\/","name":"Jules Junior","description":"","potentialAction":[{"@type":"SearchAction","target":{"@type":"EntryPoint","urlTemplate":"https:\/\/julesjunior.sn\/?s={search_term_string}"},"query-input":{"@type":"PropertyValueSpecification","valueRequired":true,"valueName":"search_term_string"}}],"inLanguage":"en-US"}]}},"_links":{"self":[{"href":"https:\/\/julesjunior.sn\/en\/wp-json\/wp\/v2\/pages\/17553"}],"collection":[{"href":"https:\/\/julesjunior.sn\/en\/wp-json\/wp\/v2\/pages"}],"about":[{"href":"https:\/\/julesjunior.sn\/en\/wp-json\/wp\/v2\/types\/page"}],"author":[{"embeddable":true,"href":"https:\/\/julesjunior.sn\/en\/wp-json\/wp\/v2\/users\/2"}],"replies":[{"embeddable":true,"href":"https:\/\/julesjunior.sn\/en\/wp-json\/wp\/v2\/comments?post=17553"}],"version-history":[{"count":22,"href":"https:\/\/julesjunior.sn\/en\/wp-json\/wp\/v2\/pages\/17553\/revisions"}],"predecessor-version":[{"id":17583,"href":"https:\/\/julesjunior.sn\/en\/wp-json\/wp\/v2\/pages\/17553\/revisions\/17583"}],"wp:attachment":[{"href":"https:\/\/julesjunior.sn\/en\/wp-json\/wp\/v2\/media?parent=17553"}],"curies":[{"name":"wp","href":"https:\/\/api.w.org\/{rel}","templated":true}]}}